{"id":2099,"date":"2024-05-29T11:12:34","date_gmt":"2024-05-29T09:12:34","guid":{"rendered":"https:\/\/tgna.cat\/clausula-contacto-2\/"},"modified":"2025-04-08T14:06:50","modified_gmt":"2025-04-08T12:06:50","slug":"clausula-contacto-2","status":"publish","type":"page","link":"https:\/\/tgna.cat\/es\/clausula-contacto-2\/","title":{"rendered":"Cl\u00e1usula Contacto"},"content":{"rendered":"\t\t<div data-elementor-type=\"wp-page\" data-elementor-id=\"2099\" class=\"elementor elementor-2099 elementor-2091\" data-elementor-post-type=\"page\">\n\t\t\t\t<div class=\"elementor-element elementor-element-d7f5b3d e-flex e-con-boxed wpr-particle-no wpr-jarallax-no wpr-parallax-no wpr-sticky-section-no wpr-equal-height-no e-con e-parent\" data-id=\"d7f5b3d\" data-element_type=\"container\" data-e-type=\"container\">\n\t\t\t\t\t<div class=\"e-con-inner\">\n\t\t<div class=\"elementor-element elementor-element-d3ec8d8 e-flex e-con-boxed wpr-particle-no wpr-jarallax-no wpr-parallax-no wpr-sticky-section-no wpr-equal-height-no e-con e-child\" data-id=\"d3ec8d8\" data-element_type=\"container\" data-e-type=\"container\" data-settings=\"{&quot;background_background&quot;:&quot;classic&quot;}\">\n\t\t\t\t\t<div class=\"e-con-inner\">\n\t\t\t\t<div class=\"elementor-element elementor-element-5bb087f elementor-widget elementor-widget-heading\" data-id=\"5bb087f\" data-element_type=\"widget\" data-e-type=\"widget\" data-widget_type=\"heading.default\">\n\t\t\t\t<div class=\"elementor-widget-container\">\n\t\t\t\t\t<h2 class=\"elementor-heading-title elementor-size-default\">Cl\u00e1usula Contacto<\/h2>\t\t\t\t<\/div>\n\t\t\t\t<\/div>\n\t\t\t\t\t<\/div>\n\t\t\t\t<\/div>\n\t\t\t\t\t<\/div>\n\t\t\t\t<\/div>\n\t\t<div class=\"elementor-element elementor-element-06d25d9 e-flex e-con-boxed wpr-particle-no wpr-jarallax-no wpr-parallax-no wpr-sticky-section-no wpr-equal-height-no e-con e-parent\" data-id=\"06d25d9\" data-element_type=\"container\" data-e-type=\"container\">\n\t\t\t\t\t<div class=\"e-con-inner\">\n\t\t\t\t<div class=\"elementor-element elementor-element-9bfd58f elementor-widget elementor-widget-spacer\" data-id=\"9bfd58f\" data-element_type=\"widget\" data-e-type=\"widget\" data-widget_type=\"spacer.default\">\n\t\t\t\t<div class=\"elementor-widget-container\">\n\t\t\t\t\t\t\t<div class=\"elementor-spacer\">\n\t\t\t<div class=\"elementor-spacer-inner\"><\/div>\n\t\t<\/div>\n\t\t\t\t\t\t<\/div>\n\t\t\t\t<\/div>\n\t\t\t\t\t<\/div>\n\t\t\t\t<\/div>\n\t\t<div class=\"elementor-element elementor-element-df0d517 e-flex e-con-boxed wpr-particle-no wpr-jarallax-no wpr-parallax-no wpr-sticky-section-no wpr-equal-height-no e-con e-parent\" data-id=\"df0d517\" data-element_type=\"container\" data-e-type=\"container\">\n\t\t\t\t\t<div class=\"e-con-inner\">\n\t\t\t\t<div class=\"elementor-element elementor-element-f961afc elementor-widget elementor-widget-text-editor\" data-id=\"f961afc\" data-element_type=\"widget\" data-e-type=\"widget\" data-widget_type=\"text-editor.default\">\n\t\t\t\t<div class=\"elementor-widget-container\">\n\t\t\t\t\t\t\t\t\t<table cellspacing=\"0\" cellpadding=\"0\"><tbody><tr><td valign=\"top\"><span style=\"color: #c4b590; font-family: Montserrat; font-size: small;\"><b>2.1<\/b><\/span><\/td> <td colspan=\"2\" valign=\"top\"><span style=\"color: #c4b590; font-family: Montserrat; font-size: small;\"><b>Formulario 1 \u2013 CONTACTO<\/b><\/span><\/td><\/tr><tr><td colspan=\"3\" valign=\"top\"><span style=\"color: #c4b590; font-family: Montserrat; font-size: small;\"><b>Protecci\u00f3n de Datos RGPDUE 2016\/679 \u2013 LOPDGDD 3\/2018<\/b> <span class=\"Apple-converted-space\"> <\/span><\/span> <span style=\"color: #1c2330; font-family: Montserrat; font-size: medium;\"><span class=\"Apple-converted-space\"> <\/span><\/span> <span style=\"color: #1c2330; font-family: Montserrat; font-size: small;\"><b>Ver.<\/b><\/span> <span style=\"color: #1c2330; font-family: Montserrat; font-size: small;\"><i> 24.0<\/i><\/span><\/td><\/tr><tr><td colspan=\"2\" valign=\"top\"><span style=\"color: #000000; font-family: Montserrat; font-size: small;\"><b>Responsable<\/b><\/span><\/td><td valign=\"top\"><p align=\"justify\"><span style=\"color: #000000; font-family: Montserrat; font-size: small;\"><b>TARRAGONA APARTMENTS AIE<\/b><\/span><\/p><\/td><\/tr><tr><td colspan=\"2\" valign=\"top\"><span style=\"color: #000000; font-family: Montserrat; font-size: small;\"><b>Finalidad<\/b><\/span><\/td><td valign=\"top\"><p align=\"justify\"><span style=\"color: #000000; font-family: Montserrat; font-size: small;\">Recogida y tratamiento de sus datos para atender sus consultas y facilitarle informaci\u00f3n peri\u00f3dicamente sobre nuestros productos y servicios que pueden ser de su inter\u00e9s y\/o preferencia por medios electr\u00f3nicos actuales o futuros, siempre que nos autorice a su tratamiento.<\/span><\/p><\/td><\/tr><tr><td colspan=\"2\" valign=\"top\"><span style=\"color: #000000; font-family: Montserrat; font-size: small;\"><b>Legitimaci\u00f3n<\/b><\/span><\/td><td valign=\"top\"><p align=\"justify\"><span style=\"color: #000000; font-family: Montserrat; font-size: small;\">Inter\u00e9s leg\u00edtimo del tratamiento por parte del responsable para mantener la relaci\u00f3n \/servicios con clientes y\/o posibles clientes.<\/span><\/p><p align=\"justify\"><span style=\"color: #000000; font-family: Montserrat; font-size: small;\">Consentimiento inequ\u00edvoco y especifico otorgado por el propio interesado<\/span><\/p><\/td><\/tr><tr><td colspan=\"2\" valign=\"top\"><span style=\"color: #000000; font-family: Montserrat; font-size: small;\"><b>Destinatarios<\/b><\/span><\/td><td valign=\"top\"><span style=\"color: #000000; font-family: Montserrat; font-size: small;\">No se ceder\u00e1n datos a terceros, salvo por obligaci\u00f3n legal.<\/span><\/td><\/tr><tr><td colspan=\"2\" valign=\"top\"><span style=\"color: #000000; font-family: Montserrat; font-size: small;\"><b>Derechos<\/b><\/span><\/td><td valign=\"top\"><p align=\"justify\"><span style=\"color: #000000; font-family: Montserrat; font-size: small;\">Acceder, rectificar y suprimir los datos, as\u00ed como otros derechos como se explica en la +info adicional RGPDUE<\/span><\/p><\/td><\/tr><tr><td colspan=\"2\" valign=\"top\"><span style=\"color: #000000; font-family: Montserrat; font-size: small;\"><b>Informaci\u00f3n adicional<\/b><\/span><\/td><td valign=\"top\"><p align=\"justify\"><span style=\"color: #000000; font-family: Montserrat; font-size: small;\">Puede consultar la informaci\u00f3n adicional y detallada sobre protecci\u00f3n de datos en nuestra p\u00e1gina web: <\/span><a href=\"https:\/\/tgna.cat\/es\/proteccion-de-datos\/#informacio-adicional\"><span style=\"color: #0000ff; font-family: Montserrat; font-size: small;\">www.tgna.cat<\/span><\/a><\/p><\/td><\/tr><\/tbody><\/table>\t\t\t\t\t\t\t\t<\/div>\n\t\t\t\t<\/div>\n\t\t\t\t\t<\/div>\n\t\t\t\t<\/div>\n\t\t\t\t<\/div>\n\t\t","protected":false},"excerpt":{"rendered":"<p>Cl\u00e1usula Contacto 2.1 Formulario 1 \u2013 CONTACTO Protecci\u00f3n de Datos RGPDUE 2016\/679 \u2013 LOPDGDD 3\/2018 Ver. 24.0 Responsable TARRAGONA APARTMENTS AIE Finalidad Recogida y tratamiento de sus datos para atender sus consultas y facilitarle informaci\u00f3n peri\u00f3dicamente sobre nuestros productos y servicios que pueden ser de su inter\u00e9s y\/o preferencia por medios electr\u00f3nicos actuales o futuros, siempre que nos autorice a su tratamiento. Legitimaci\u00f3n Inter\u00e9s leg\u00edtimo del tratamiento por parte del responsable para mantener la relaci\u00f3n \/servicios con clientes y\/o posibles clientes. Consentimiento inequ\u00edvoco y especifico otorgado por el propio interesado Destinatarios No se ceder\u00e1n datos a terceros, salvo por obligaci\u00f3n legal. Derechos Acceder, rectificar y suprimir los datos, as\u00ed como otros derechos como se explica en la +info adicional RGPDUE Informaci\u00f3n adicional Puede consultar la informaci\u00f3n adicional y detallada sobre protecci\u00f3n de datos en nuestra p\u00e1gina web: www.tgna.cat<\/p>\n","protected":false},"author":1,"featured_media":0,"parent":0,"menu_order":0,"comment_status":"closed","ping_status":"closed","template":"","meta":{"footnotes":""},"class_list":["post-2099","page","type-page","status-publish","hentry"],"yoast_head":"<!-- This site is optimized with the Yoast SEO plugin v27.5 - https:\/\/yoast.com\/product\/yoast-seo-wordpress\/ -->\n<title>Cl\u00e1usula Contacto - TGNA Tarragona Apartaments<\/title>\n<meta name=\"robots\" content=\"noindex, nofollow\" \/>\n<meta property=\"og:locale\" content=\"es_ES\" \/>\n<meta property=\"og:type\" content=\"article\" \/>\n<meta property=\"og:title\" content=\"Cl\u00e1usula Contacto - TGNA Tarragona Apartaments\" \/>\n<meta property=\"og:description\" content=\"Cl\u00e1usula Contacto 2.1 Formulario 1 \u2013 CONTACTO Protecci\u00f3n de Datos RGPDUE 2016\/679 \u2013 LOPDGDD 3\/2018 Ver. 24.0 Responsable TARRAGONA APARTMENTS AIE Finalidad Recogida y tratamiento de sus datos para atender sus consultas y facilitarle informaci\u00f3n peri\u00f3dicamente sobre nuestros productos y servicios que pueden ser de su inter\u00e9s y\/o preferencia por medios electr\u00f3nicos actuales o futuros, siempre que nos autorice a su tratamiento. Legitimaci\u00f3n Inter\u00e9s leg\u00edtimo del tratamiento por parte del responsable para mantener la relaci\u00f3n \/servicios con clientes y\/o posibles clientes. Consentimiento inequ\u00edvoco y especifico otorgado por el propio interesado Destinatarios No se ceder\u00e1n datos a terceros, salvo por obligaci\u00f3n legal. Derechos Acceder, rectificar y suprimir los datos, as\u00ed como otros derechos como se explica en la +info adicional RGPDUE Informaci\u00f3n adicional Puede consultar la informaci\u00f3n adicional y detallada sobre protecci\u00f3n de datos en nuestra p\u00e1gina web: www.tgna.cat\" \/>\n<meta property=\"og:url\" content=\"https:\/\/tgna.cat\/es\/clausula-contacto-2\/\" \/>\n<meta property=\"og:site_name\" content=\"TGNA Tarragona Apartaments\" \/>\n<meta property=\"article:modified_time\" content=\"2025-04-08T12:06:50+00:00\" \/>\n<meta name=\"twitter:card\" content=\"summary_large_image\" \/>\n<meta name=\"twitter:label1\" content=\"Tiempo de lectura\" \/>\n\t<meta name=\"twitter:data1\" content=\"1 minuto\" \/>\n<script type=\"application\/ld+json\" class=\"yoast-schema-graph\">{\"@context\":\"https:\\\/\\\/schema.org\",\"@graph\":[{\"@type\":\"WebPage\",\"@id\":\"https:\\\/\\\/tgna.cat\\\/es\\\/clausula-contacto-2\\\/\",\"url\":\"https:\\\/\\\/tgna.cat\\\/es\\\/clausula-contacto-2\\\/\",\"name\":\"Cl\u00e1usula Contacto - TGNA Tarragona Apartaments\",\"isPartOf\":{\"@id\":\"https:\\\/\\\/tgna.cat\\\/es\\\/#website\"},\"datePublished\":\"2024-05-29T09:12:34+00:00\",\"dateModified\":\"2025-04-08T12:06:50+00:00\",\"breadcrumb\":{\"@id\":\"https:\\\/\\\/tgna.cat\\\/es\\\/clausula-contacto-2\\\/#breadcrumb\"},\"inLanguage\":\"es\",\"potentialAction\":[{\"@type\":\"ReadAction\",\"target\":[\"https:\\\/\\\/tgna.cat\\\/es\\\/clausula-contacto-2\\\/\"]}]},{\"@type\":\"BreadcrumbList\",\"@id\":\"https:\\\/\\\/tgna.cat\\\/es\\\/clausula-contacto-2\\\/#breadcrumb\",\"itemListElement\":[{\"@type\":\"ListItem\",\"position\":1,\"name\":\"Inici\",\"item\":\"https:\\\/\\\/tgna.cat\\\/es\\\/\"},{\"@type\":\"ListItem\",\"position\":2,\"name\":\"Cl\u00e1usula Contacto\"}]},{\"@type\":\"WebSite\",\"@id\":\"https:\\\/\\\/tgna.cat\\\/es\\\/#website\",\"url\":\"https:\\\/\\\/tgna.cat\\\/es\\\/\",\"name\":\"TGNA Tarragona Apartaments\",\"description\":\"\",\"publisher\":{\"@id\":\"https:\\\/\\\/tgna.cat\\\/es\\\/#organization\"},\"potentialAction\":[{\"@type\":\"SearchAction\",\"target\":{\"@type\":\"EntryPoint\",\"urlTemplate\":\"https:\\\/\\\/tgna.cat\\\/es\\\/?s={search_term_string}\"},\"query-input\":{\"@type\":\"PropertyValueSpecification\",\"valueRequired\":true,\"valueName\":\"search_term_string\"}}],\"inLanguage\":\"es\"},{\"@type\":\"Organization\",\"@id\":\"https:\\\/\\\/tgna.cat\\\/es\\\/#organization\",\"name\":\"TGNA Tarragona Apartaments\",\"url\":\"https:\\\/\\\/tgna.cat\\\/es\\\/\",\"logo\":{\"@type\":\"ImageObject\",\"inLanguage\":\"es\",\"@id\":\"https:\\\/\\\/tgna.cat\\\/es\\\/#\\\/schema\\\/logo\\\/image\\\/\",\"url\":\"https:\\\/\\\/tgna.cat\\\/wp-content\\\/uploads\\\/2024\\\/02\\\/Blanc-ocre-ocre-amb-claim.png\",\"contentUrl\":\"https:\\\/\\\/tgna.cat\\\/wp-content\\\/uploads\\\/2024\\\/02\\\/Blanc-ocre-ocre-amb-claim.png\",\"width\":500,\"height\":214,\"caption\":\"TGNA Tarragona Apartaments\"},\"image\":{\"@id\":\"https:\\\/\\\/tgna.cat\\\/es\\\/#\\\/schema\\\/logo\\\/image\\\/\"},\"sameAs\":[\"https:\\\/\\\/www.instagram.com\\\/tgna_apartaments\\\/\",\"https:\\\/\\\/es.pinterest.com\\\/tgnatarragonaapartaments\\\/\",\"https:\\\/\\\/www.youtube.com\\\/channel\\\/UCCYpfAjBRooPWuU5sv1xuAA\\\/\",\"https:\\\/\\\/www.linkedin.com\\\/company\\\/tgna-apartaments\"]}]}<\/script>\n<!-- \/ Yoast SEO plugin. -->","yoast_head_json":{"title":"Cl\u00e1usula Contacto - TGNA Tarragona Apartaments","robots":{"index":"noindex","follow":"nofollow"},"og_locale":"es_ES","og_type":"article","og_title":"Cl\u00e1usula Contacto - TGNA Tarragona Apartaments","og_description":"Cl\u00e1usula Contacto 2.1 Formulario 1 \u2013 CONTACTO Protecci\u00f3n de Datos RGPDUE 2016\/679 \u2013 LOPDGDD 3\/2018 Ver. 24.0 Responsable TARRAGONA APARTMENTS AIE Finalidad Recogida y tratamiento de sus datos para atender sus consultas y facilitarle informaci\u00f3n peri\u00f3dicamente sobre nuestros productos y servicios que pueden ser de su inter\u00e9s y\/o preferencia por medios electr\u00f3nicos actuales o futuros, siempre que nos autorice a su tratamiento. Legitimaci\u00f3n Inter\u00e9s leg\u00edtimo del tratamiento por parte del responsable para mantener la relaci\u00f3n \/servicios con clientes y\/o posibles clientes. Consentimiento inequ\u00edvoco y especifico otorgado por el propio interesado Destinatarios No se ceder\u00e1n datos a terceros, salvo por obligaci\u00f3n legal. Derechos Acceder, rectificar y suprimir los datos, as\u00ed como otros derechos como se explica en la +info adicional RGPDUE Informaci\u00f3n adicional Puede consultar la informaci\u00f3n adicional y detallada sobre protecci\u00f3n de datos en nuestra p\u00e1gina web: www.tgna.cat","og_url":"https:\/\/tgna.cat\/es\/clausula-contacto-2\/","og_site_name":"TGNA Tarragona Apartaments","article_modified_time":"2025-04-08T12:06:50+00:00","twitter_card":"summary_large_image","twitter_misc":{"Tiempo de lectura":"1 minuto"},"schema":{"@context":"https:\/\/schema.org","@graph":[{"@type":"WebPage","@id":"https:\/\/tgna.cat\/es\/clausula-contacto-2\/","url":"https:\/\/tgna.cat\/es\/clausula-contacto-2\/","name":"Cl\u00e1usula Contacto - TGNA Tarragona Apartaments","isPartOf":{"@id":"https:\/\/tgna.cat\/es\/#website"},"datePublished":"2024-05-29T09:12:34+00:00","dateModified":"2025-04-08T12:06:50+00:00","breadcrumb":{"@id":"https:\/\/tgna.cat\/es\/clausula-contacto-2\/#breadcrumb"},"inLanguage":"es","potentialAction":[{"@type":"ReadAction","target":["https:\/\/tgna.cat\/es\/clausula-contacto-2\/"]}]},{"@type":"BreadcrumbList","@id":"https:\/\/tgna.cat\/es\/clausula-contacto-2\/#breadcrumb","itemListElement":[{"@type":"ListItem","position":1,"name":"Inici","item":"https:\/\/tgna.cat\/es\/"},{"@type":"ListItem","position":2,"name":"Cl\u00e1usula Contacto"}]},{"@type":"WebSite","@id":"https:\/\/tgna.cat\/es\/#website","url":"https:\/\/tgna.cat\/es\/","name":"TGNA Tarragona Apartaments","description":"","publisher":{"@id":"https:\/\/tgna.cat\/es\/#organization"},"potentialAction":[{"@type":"SearchAction","target":{"@type":"EntryPoint","urlTemplate":"https:\/\/tgna.cat\/es\/?s={search_term_string}"},"query-input":{"@type":"PropertyValueSpecification","valueRequired":true,"valueName":"search_term_string"}}],"inLanguage":"es"},{"@type":"Organization","@id":"https:\/\/tgna.cat\/es\/#organization","name":"TGNA Tarragona Apartaments","url":"https:\/\/tgna.cat\/es\/","logo":{"@type":"ImageObject","inLanguage":"es","@id":"https:\/\/tgna.cat\/es\/#\/schema\/logo\/image\/","url":"https:\/\/tgna.cat\/wp-content\/uploads\/2024\/02\/Blanc-ocre-ocre-amb-claim.png","contentUrl":"https:\/\/tgna.cat\/wp-content\/uploads\/2024\/02\/Blanc-ocre-ocre-amb-claim.png","width":500,"height":214,"caption":"TGNA Tarragona Apartaments"},"image":{"@id":"https:\/\/tgna.cat\/es\/#\/schema\/logo\/image\/"},"sameAs":["https:\/\/www.instagram.com\/tgna_apartaments\/","https:\/\/es.pinterest.com\/tgnatarragonaapartaments\/","https:\/\/www.youtube.com\/channel\/UCCYpfAjBRooPWuU5sv1xuAA\/","https:\/\/www.linkedin.com\/company\/tgna-apartaments"]}]}},"_links":{"self":[{"href":"https:\/\/tgna.cat\/es\/wp-json\/wp\/v2\/pages\/2099","targetHints":{"allow":["GET"]}}],"collection":[{"href":"https:\/\/tgna.cat\/es\/wp-json\/wp\/v2\/pages"}],"about":[{"href":"https:\/\/tgna.cat\/es\/wp-json\/wp\/v2\/types\/page"}],"author":[{"embeddable":true,"href":"https:\/\/tgna.cat\/es\/wp-json\/wp\/v2\/users\/1"}],"replies":[{"embeddable":true,"href":"https:\/\/tgna.cat\/es\/wp-json\/wp\/v2\/comments?post=2099"}],"version-history":[{"count":0,"href":"https:\/\/tgna.cat\/es\/wp-json\/wp\/v2\/pages\/2099\/revisions"}],"wp:attachment":[{"href":"https:\/\/tgna.cat\/es\/wp-json\/wp\/v2\/media?parent=2099"}],"curies":[{"name":"wp","href":"https:\/\/api.w.org\/{rel}","templated":true}]}}