{"id":2105,"date":"2024-05-29T11:12:34","date_gmt":"2024-05-29T09:12:34","guid":{"rendered":"https:\/\/tgna.cat\/clauses-formulaire\/"},"modified":"2025-04-03T18:28:28","modified_gmt":"2025-04-03T16:28:28","slug":"clauses-formulaire","status":"publish","type":"page","link":"https:\/\/tgna.cat\/fr\/clauses-formulaire\/","title":{"rendered":"Clauses Formulaire"},"content":{"rendered":"\t\t<div data-elementor-type=\"wp-page\" data-elementor-id=\"2105\" class=\"elementor elementor-2105 elementor-2091\" data-elementor-post-type=\"page\">\n\t\t\t\t<div class=\"elementor-element elementor-element-d7f5b3d e-flex e-con-boxed wpr-particle-no wpr-jarallax-no wpr-parallax-no wpr-sticky-section-no wpr-equal-height-no e-con e-parent\" data-id=\"d7f5b3d\" data-element_type=\"container\" data-e-type=\"container\">\n\t\t\t\t\t<div class=\"e-con-inner\">\n\t\t<div class=\"elementor-element elementor-element-d3ec8d8 e-flex e-con-boxed wpr-particle-no wpr-jarallax-no wpr-parallax-no wpr-sticky-section-no wpr-equal-height-no e-con e-child\" data-id=\"d3ec8d8\" data-element_type=\"container\" data-e-type=\"container\" data-settings=\"{&quot;background_background&quot;:&quot;classic&quot;}\">\n\t\t\t\t\t<div class=\"e-con-inner\">\n\t\t\t\t<div class=\"elementor-element elementor-element-5bb087f elementor-widget elementor-widget-heading\" data-id=\"5bb087f\" data-element_type=\"widget\" data-e-type=\"widget\" data-widget_type=\"heading.default\">\n\t\t\t\t<div class=\"elementor-widget-container\">\n\t\t\t\t\t<h2 class=\"elementor-heading-title elementor-size-default\">Clauses Formulaire<\/h2>\t\t\t\t<\/div>\n\t\t\t\t<\/div>\n\t\t\t\t\t<\/div>\n\t\t\t\t<\/div>\n\t\t\t\t\t<\/div>\n\t\t\t\t<\/div>\n\t\t<div class=\"elementor-element elementor-element-06d25d9 e-flex e-con-boxed wpr-particle-no wpr-jarallax-no wpr-parallax-no wpr-sticky-section-no wpr-equal-height-no e-con e-parent\" data-id=\"06d25d9\" data-element_type=\"container\" data-e-type=\"container\">\n\t\t\t\t\t<div class=\"e-con-inner\">\n\t\t\t\t<div class=\"elementor-element elementor-element-9bfd58f elementor-widget elementor-widget-spacer\" data-id=\"9bfd58f\" data-element_type=\"widget\" data-e-type=\"widget\" data-widget_type=\"spacer.default\">\n\t\t\t\t<div class=\"elementor-widget-container\">\n\t\t\t\t\t\t\t<div class=\"elementor-spacer\">\n\t\t\t<div class=\"elementor-spacer-inner\"><\/div>\n\t\t<\/div>\n\t\t\t\t\t\t<\/div>\n\t\t\t\t<\/div>\n\t\t\t\t\t<\/div>\n\t\t\t\t<\/div>\n\t\t<div class=\"elementor-element elementor-element-df0d517 e-flex e-con-boxed wpr-particle-no wpr-jarallax-no wpr-parallax-no wpr-sticky-section-no wpr-equal-height-no e-con e-parent\" data-id=\"df0d517\" data-element_type=\"container\" data-e-type=\"container\">\n\t\t\t\t\t<div class=\"e-con-inner\">\n\t\t\t\t<div class=\"elementor-element elementor-element-f961afc elementor-widget elementor-widget-text-editor\" data-id=\"f961afc\" data-element_type=\"widget\" data-e-type=\"widget\" data-widget_type=\"text-editor.default\">\n\t\t\t\t<div class=\"elementor-widget-container\">\n\t\t\t\t\t\t\t\t\t<table cellspacing=\"0\" cellpadding=\"0\"><tbody><tr><td valign=\"top\"><span style=\"color: #c4b590; font-family: Montserrat; font-size: small;\"><b>2.1<\/b><\/span><\/td> <td colspan=\"2\" valign=\"top\"><span style=\"color: #c4b590; font-family: Montserrat; font-size: small;\"><b>Formulaire 1 \u2013 CONTACT<\/b><\/span><\/td><\/tr><tr><td colspan=\"3\" valign=\"top\"><span style=\"color: #c4b590; font-family: Montserrat; font-size: small;\"><b>Protection des Donn\u00e9es RGPDUE 2016\/679 \u2013 LOPDGDD 3\/2018<\/b> <span class=\"Apple-converted-space\"> <\/span><\/span> <span style=\"color: #1c2330; font-family: Montserrat; font-size: medium;\"><span class=\"Apple-converted-space\"> <\/span><\/span> <span style=\"color: #1c2330; font-family: Montserrat; font-size: small;\"><b>Ver.<\/b><\/span> <span style=\"color: #1c2330; font-family: Montserrat; font-size: small;\"><i> 24.0<\/i><\/span><\/td><\/tr><tr><td colspan=\"2\" valign=\"top\"><span style=\"color: #000000; font-family: Montserrat; font-size: small;\"><b>Responsable<\/b><\/span><\/td><td valign=\"top\"><p align=\"justify\"><span style=\"color: #000000; font-family: Montserrat; font-size: small;\"><b>TARRAGONA APARTMENTS AIE<\/b><\/span><\/p><\/td><\/tr><tr><td colspan=\"2\" valign=\"top\"><span style=\"color: #000000; font-family: Montserrat; font-size: small;\"><b>Finalit\u00e9<\/b><\/span><\/td><td valign=\"top\"><p align=\"justify\"><span style=\"color: #000000; font-family: Montserrat; font-size: small;\">Vos donn\u00e9es sont collect\u00e9es et trait\u00e9es, avec votre consentement, pour nous permettre de r\u00e9pondre \u00e0 vos questions et vous fournir r\u00e9guli\u00e8rement, par le biais de moyens \u00e9lectroniques actuels ou futurs, des informations sur nos produits et nos services susceptibles de vous int\u00e9resser.<\/span><\/p><\/td><\/tr><tr><td colspan=\"2\" valign=\"top\"><span style=\"color: #000000; font-family: Montserrat; font-size: small;\"><b>L\u00e9gitimation<\/b><\/span><\/td><td valign=\"top\"><p align=\"justify\"><span style=\"color: #000000; font-family: Montserrat; font-size: small;\">Int\u00e9r\u00eat l\u00e9gitime pour le traitement par le responsable du traitement afin de maintenir la relation \/ les services avec les clients et \/ ou les clients potentiels.<\/span><\/p><p align=\"justify\"><span style=\"color: #000000; font-family: Montserrat; font-size: small;\">Consentement non \u00e9quivoque et sp\u00e9cifique accord\u00e9 par la personne concern\u00e9e.<\/span><\/p><\/td><\/tr><tr><td colspan=\"2\" valign=\"top\"><span style=\"color: #000000; font-family: Montserrat; font-size: small;\"><b>Destinataires<\/b><\/span><\/td><td valign=\"top\"><span style=\"color: #000000; font-family: Montserrat; font-size: small;\">Les donn\u00e9es ne seront pas transf\u00e9r\u00e9es \u00e0 des tiers, sauf si la loi l&rsquo;exige.<\/span><\/td><\/tr><tr><td colspan=\"2\" valign=\"top\"><span style=\"color: #000000; font-family: Montserrat; font-size: small;\"><b>Droits<\/b><\/span><\/td><td valign=\"top\"><p align=\"justify\"><span style=\"color: #000000; font-family: Montserrat; font-size: small;\">Acc\u00e9der aux donn\u00e9es, les rectifier et les supprimer, ainsi que tout autre droit, comme expliqu\u00e9 dans les informations compl\u00e9mentaires du RGPD (UE).<\/span><\/p><\/td><\/tr><tr><td colspan=\"2\" valign=\"top\"><span style=\"color: #000000; font-family: Montserrat; font-size: small;\"><b>Information compl\u00e9mentaire<\/b><\/span><\/td><td valign=\"top\"><p align=\"justify\"><span style=\"color: #000000; font-family: Montserrat; font-size: small;\">Vous pouvez consulter les informations compl\u00e9mentaires et d\u00e9taill\u00e9es sur la protection des donn\u00e9es sur notre site Internet: <\/span><a href=\"https:\/\/tgna.cat\/fr\/protection-des-donnee\/#informacio-adicional\"><span style=\"color: #0000ff; font-family: Montserrat; font-size: small;\">www.tgna.cat<\/span><\/a><\/p><\/td><\/tr><\/tbody><\/table>\t\t\t\t\t\t\t\t<\/div>\n\t\t\t\t<\/div>\n\t\t\t\t\t<\/div>\n\t\t\t\t<\/div>\n\t\t\t\t<\/div>\n\t\t","protected":false},"excerpt":{"rendered":"<p>Clauses Formulaire 2.1 Formulaire 1 \u2013 CONTACT Protection des Donn\u00e9es RGPDUE 2016\/679 \u2013 LOPDGDD 3\/2018 Ver. 24.0 Responsable TARRAGONA APARTMENTS AIE Finalit\u00e9 Vos donn\u00e9es sont collect\u00e9es et trait\u00e9es, avec votre consentement, pour nous permettre de r\u00e9pondre \u00e0 vos questions et vous fournir r\u00e9guli\u00e8rement, par le biais de moyens \u00e9lectroniques actuels ou futurs, des informations sur nos produits et nos services susceptibles de vous int\u00e9resser. L\u00e9gitimation Int\u00e9r\u00eat l\u00e9gitime pour le traitement par le responsable du traitement afin de maintenir la relation \/ les services avec les clients et \/ ou les clients potentiels. Consentement non \u00e9quivoque et sp\u00e9cifique accord\u00e9 par la personne concern\u00e9e. Destinataires Les donn\u00e9es ne seront pas transf\u00e9r\u00e9es \u00e0 des tiers, sauf si la loi l&rsquo;exige. Droits Acc\u00e9der aux donn\u00e9es, les rectifier et les supprimer, ainsi que tout autre droit, comme expliqu\u00e9 dans les informations compl\u00e9mentaires du RGPD (UE). Information compl\u00e9mentaire Vous pouvez consulter les informations compl\u00e9mentaires et d\u00e9taill\u00e9es sur la protection des donn\u00e9es sur notre site Internet: www.tgna.cat<\/p>\n","protected":false},"author":1,"featured_media":0,"parent":0,"menu_order":0,"comment_status":"closed","ping_status":"closed","template":"","meta":{"footnotes":""},"class_list":["post-2105","page","type-page","status-publish","hentry"],"yoast_head":"<!-- This site is optimized with the Yoast SEO plugin v27.3 - https:\/\/yoast.com\/product\/yoast-seo-wordpress\/ -->\n<title>Clauses Formulaire - TGNA Tarragona Apartaments<\/title>\n<meta name=\"robots\" content=\"noindex, nofollow\" \/>\n<meta property=\"og:locale\" content=\"fr_FR\" \/>\n<meta property=\"og:type\" content=\"article\" \/>\n<meta property=\"og:title\" content=\"Clauses Formulaire - TGNA Tarragona Apartaments\" \/>\n<meta property=\"og:description\" content=\"Clauses Formulaire 2.1 Formulaire 1 \u2013 CONTACT Protection des Donn\u00e9es RGPDUE 2016\/679 \u2013 LOPDGDD 3\/2018 Ver. 24.0 Responsable TARRAGONA APARTMENTS AIE Finalit\u00e9 Vos donn\u00e9es sont collect\u00e9es et trait\u00e9es, avec votre consentement, pour nous permettre de r\u00e9pondre \u00e0 vos questions et vous fournir r\u00e9guli\u00e8rement, par le biais de moyens \u00e9lectroniques actuels ou futurs, des informations sur nos produits et nos services susceptibles de vous int\u00e9resser. L\u00e9gitimation Int\u00e9r\u00eat l\u00e9gitime pour le traitement par le responsable du traitement afin de maintenir la relation \/ les services avec les clients et \/ ou les clients potentiels. Consentement non \u00e9quivoque et sp\u00e9cifique accord\u00e9 par la personne concern\u00e9e. Destinataires Les donn\u00e9es ne seront pas transf\u00e9r\u00e9es \u00e0 des tiers, sauf si la loi l&rsquo;exige. Droits Acc\u00e9der aux donn\u00e9es, les rectifier et les supprimer, ainsi que tout autre droit, comme expliqu\u00e9 dans les informations compl\u00e9mentaires du RGPD (UE). Information compl\u00e9mentaire Vous pouvez consulter les informations compl\u00e9mentaires et d\u00e9taill\u00e9es sur la protection des donn\u00e9es sur notre site Internet: www.tgna.cat\" \/>\n<meta property=\"og:url\" content=\"https:\/\/tgna.cat\/fr\/clauses-formulaire\/\" \/>\n<meta property=\"og:site_name\" content=\"TGNA Tarragona Apartaments\" \/>\n<meta property=\"article:modified_time\" content=\"2025-04-03T16:28:28+00:00\" \/>\n<meta name=\"twitter:card\" content=\"summary_large_image\" \/>\n<meta name=\"twitter:label1\" content=\"Dur\u00e9e de lecture estim\u00e9e\" \/>\n\t<meta name=\"twitter:data1\" content=\"1 minute\" \/>\n<script type=\"application\/ld+json\" class=\"yoast-schema-graph\">{\"@context\":\"https:\\\/\\\/schema.org\",\"@graph\":[{\"@type\":\"WebPage\",\"@id\":\"https:\\\/\\\/tgna.cat\\\/fr\\\/clauses-formulaire\\\/\",\"url\":\"https:\\\/\\\/tgna.cat\\\/fr\\\/clauses-formulaire\\\/\",\"name\":\"Clauses Formulaire - TGNA Tarragona Apartaments\",\"isPartOf\":{\"@id\":\"https:\\\/\\\/tgna.cat\\\/fr\\\/#website\"},\"datePublished\":\"2024-05-29T09:12:34+00:00\",\"dateModified\":\"2025-04-03T16:28:28+00:00\",\"breadcrumb\":{\"@id\":\"https:\\\/\\\/tgna.cat\\\/fr\\\/clauses-formulaire\\\/#breadcrumb\"},\"inLanguage\":\"fr-FR\",\"potentialAction\":[{\"@type\":\"ReadAction\",\"target\":[\"https:\\\/\\\/tgna.cat\\\/fr\\\/clauses-formulaire\\\/\"]}]},{\"@type\":\"BreadcrumbList\",\"@id\":\"https:\\\/\\\/tgna.cat\\\/fr\\\/clauses-formulaire\\\/#breadcrumb\",\"itemListElement\":[{\"@type\":\"ListItem\",\"position\":1,\"name\":\"Inici\",\"item\":\"https:\\\/\\\/tgna.cat\\\/fr\\\/\"},{\"@type\":\"ListItem\",\"position\":2,\"name\":\"Clauses Formulaire\"}]},{\"@type\":\"WebSite\",\"@id\":\"https:\\\/\\\/tgna.cat\\\/fr\\\/#website\",\"url\":\"https:\\\/\\\/tgna.cat\\\/fr\\\/\",\"name\":\"TGNA Tarragona Apartaments\",\"description\":\"\",\"publisher\":{\"@id\":\"https:\\\/\\\/tgna.cat\\\/fr\\\/#organization\"},\"potentialAction\":[{\"@type\":\"SearchAction\",\"target\":{\"@type\":\"EntryPoint\",\"urlTemplate\":\"https:\\\/\\\/tgna.cat\\\/fr\\\/?s={search_term_string}\"},\"query-input\":{\"@type\":\"PropertyValueSpecification\",\"valueRequired\":true,\"valueName\":\"search_term_string\"}}],\"inLanguage\":\"fr-FR\"},{\"@type\":\"Organization\",\"@id\":\"https:\\\/\\\/tgna.cat\\\/fr\\\/#organization\",\"name\":\"TGNA Tarragona Apartaments\",\"url\":\"https:\\\/\\\/tgna.cat\\\/fr\\\/\",\"logo\":{\"@type\":\"ImageObject\",\"inLanguage\":\"fr-FR\",\"@id\":\"https:\\\/\\\/tgna.cat\\\/fr\\\/#\\\/schema\\\/logo\\\/image\\\/\",\"url\":\"https:\\\/\\\/tgna.cat\\\/wp-content\\\/uploads\\\/2024\\\/02\\\/Blanc-ocre-ocre-amb-claim.png\",\"contentUrl\":\"https:\\\/\\\/tgna.cat\\\/wp-content\\\/uploads\\\/2024\\\/02\\\/Blanc-ocre-ocre-amb-claim.png\",\"width\":500,\"height\":214,\"caption\":\"TGNA Tarragona Apartaments\"},\"image\":{\"@id\":\"https:\\\/\\\/tgna.cat\\\/fr\\\/#\\\/schema\\\/logo\\\/image\\\/\"},\"sameAs\":[\"https:\\\/\\\/www.instagram.com\\\/tgna_apartaments\\\/\",\"https:\\\/\\\/es.pinterest.com\\\/tgnatarragonaapartaments\\\/\",\"https:\\\/\\\/www.youtube.com\\\/channel\\\/UCCYpfAjBRooPWuU5sv1xuAA\\\/\",\"https:\\\/\\\/www.linkedin.com\\\/company\\\/tgna-apartaments\"]}]}<\/script>\n<!-- \/ Yoast SEO plugin. -->","yoast_head_json":{"title":"Clauses Formulaire - TGNA Tarragona Apartaments","robots":{"index":"noindex","follow":"nofollow"},"og_locale":"fr_FR","og_type":"article","og_title":"Clauses Formulaire - TGNA Tarragona Apartaments","og_description":"Clauses Formulaire 2.1 Formulaire 1 \u2013 CONTACT Protection des Donn\u00e9es RGPDUE 2016\/679 \u2013 LOPDGDD 3\/2018 Ver. 24.0 Responsable TARRAGONA APARTMENTS AIE Finalit\u00e9 Vos donn\u00e9es sont collect\u00e9es et trait\u00e9es, avec votre consentement, pour nous permettre de r\u00e9pondre \u00e0 vos questions et vous fournir r\u00e9guli\u00e8rement, par le biais de moyens \u00e9lectroniques actuels ou futurs, des informations sur nos produits et nos services susceptibles de vous int\u00e9resser. L\u00e9gitimation Int\u00e9r\u00eat l\u00e9gitime pour le traitement par le responsable du traitement afin de maintenir la relation \/ les services avec les clients et \/ ou les clients potentiels. Consentement non \u00e9quivoque et sp\u00e9cifique accord\u00e9 par la personne concern\u00e9e. Destinataires Les donn\u00e9es ne seront pas transf\u00e9r\u00e9es \u00e0 des tiers, sauf si la loi l&rsquo;exige. Droits Acc\u00e9der aux donn\u00e9es, les rectifier et les supprimer, ainsi que tout autre droit, comme expliqu\u00e9 dans les informations compl\u00e9mentaires du RGPD (UE). Information compl\u00e9mentaire Vous pouvez consulter les informations compl\u00e9mentaires et d\u00e9taill\u00e9es sur la protection des donn\u00e9es sur notre site Internet: www.tgna.cat","og_url":"https:\/\/tgna.cat\/fr\/clauses-formulaire\/","og_site_name":"TGNA Tarragona Apartaments","article_modified_time":"2025-04-03T16:28:28+00:00","twitter_card":"summary_large_image","twitter_misc":{"Dur\u00e9e de lecture estim\u00e9e":"1 minute"},"schema":{"@context":"https:\/\/schema.org","@graph":[{"@type":"WebPage","@id":"https:\/\/tgna.cat\/fr\/clauses-formulaire\/","url":"https:\/\/tgna.cat\/fr\/clauses-formulaire\/","name":"Clauses Formulaire - TGNA Tarragona Apartaments","isPartOf":{"@id":"https:\/\/tgna.cat\/fr\/#website"},"datePublished":"2024-05-29T09:12:34+00:00","dateModified":"2025-04-03T16:28:28+00:00","breadcrumb":{"@id":"https:\/\/tgna.cat\/fr\/clauses-formulaire\/#breadcrumb"},"inLanguage":"fr-FR","potentialAction":[{"@type":"ReadAction","target":["https:\/\/tgna.cat\/fr\/clauses-formulaire\/"]}]},{"@type":"BreadcrumbList","@id":"https:\/\/tgna.cat\/fr\/clauses-formulaire\/#breadcrumb","itemListElement":[{"@type":"ListItem","position":1,"name":"Inici","item":"https:\/\/tgna.cat\/fr\/"},{"@type":"ListItem","position":2,"name":"Clauses Formulaire"}]},{"@type":"WebSite","@id":"https:\/\/tgna.cat\/fr\/#website","url":"https:\/\/tgna.cat\/fr\/","name":"TGNA Tarragona Apartaments","description":"","publisher":{"@id":"https:\/\/tgna.cat\/fr\/#organization"},"potentialAction":[{"@type":"SearchAction","target":{"@type":"EntryPoint","urlTemplate":"https:\/\/tgna.cat\/fr\/?s={search_term_string}"},"query-input":{"@type":"PropertyValueSpecification","valueRequired":true,"valueName":"search_term_string"}}],"inLanguage":"fr-FR"},{"@type":"Organization","@id":"https:\/\/tgna.cat\/fr\/#organization","name":"TGNA Tarragona Apartaments","url":"https:\/\/tgna.cat\/fr\/","logo":{"@type":"ImageObject","inLanguage":"fr-FR","@id":"https:\/\/tgna.cat\/fr\/#\/schema\/logo\/image\/","url":"https:\/\/tgna.cat\/wp-content\/uploads\/2024\/02\/Blanc-ocre-ocre-amb-claim.png","contentUrl":"https:\/\/tgna.cat\/wp-content\/uploads\/2024\/02\/Blanc-ocre-ocre-amb-claim.png","width":500,"height":214,"caption":"TGNA Tarragona Apartaments"},"image":{"@id":"https:\/\/tgna.cat\/fr\/#\/schema\/logo\/image\/"},"sameAs":["https:\/\/www.instagram.com\/tgna_apartaments\/","https:\/\/es.pinterest.com\/tgnatarragonaapartaments\/","https:\/\/www.youtube.com\/channel\/UCCYpfAjBRooPWuU5sv1xuAA\/","https:\/\/www.linkedin.com\/company\/tgna-apartaments"]}]}},"_links":{"self":[{"href":"https:\/\/tgna.cat\/fr\/wp-json\/wp\/v2\/pages\/2105","targetHints":{"allow":["GET"]}}],"collection":[{"href":"https:\/\/tgna.cat\/fr\/wp-json\/wp\/v2\/pages"}],"about":[{"href":"https:\/\/tgna.cat\/fr\/wp-json\/wp\/v2\/types\/page"}],"author":[{"embeddable":true,"href":"https:\/\/tgna.cat\/fr\/wp-json\/wp\/v2\/users\/1"}],"replies":[{"embeddable":true,"href":"https:\/\/tgna.cat\/fr\/wp-json\/wp\/v2\/comments?post=2105"}],"version-history":[{"count":0,"href":"https:\/\/tgna.cat\/fr\/wp-json\/wp\/v2\/pages\/2105\/revisions"}],"wp:attachment":[{"href":"https:\/\/tgna.cat\/fr\/wp-json\/wp\/v2\/media?parent=2105"}],"curies":[{"name":"wp","href":"https:\/\/api.w.org\/{rel}","templated":true}]}}